{"id":94110,"date":"2019-03-14T14:39:51","date_gmt":"2019-03-14T14:39:51","guid":{"rendered":"https:\/\/car-tours.dev4.webkoenig.ch\/sur-nous\/team\/"},"modified":"2025-01-29T16:21:19","modified_gmt":"2025-01-29T15:21:19","slug":"a-propos-de-car-tours","status":"publish","type":"page","link":"https:\/\/car-tours.ch\/fr\/sur-nous\/a-propos-de-car-tours\/","title":{"rendered":"sur car-tours.ch"},"content":{"rendered":"<div class=\"wpb-content-wrapper\">[vc_section][vc_row full_width=\u00a0\u00bbstretch_row_content_no_spaces\u00a0\u00bb el_class=\u00a0\u00bbwk-header\u00a0\u00bb css=\u00a0\u00bb.vc_custom_1736946609247{background-image: url(https:\/\/car-tours.ch\/wp-content\/uploads\/2025\/01\/Ueber-uns_Header2.jpg?id=332549) !important;background-position: center !important;background-repeat: no-repeat !important;background-size: cover !important;}\u00a0\u00bb][vc_column][\/vc_column][\/vc_row][\/vc_section][vc_section el_class=\u00a0\u00bbwk-section\u00a0\u00bb][vc_row][vc_column][vc_column_text]\n<h1>\u00c0 propos de car-tours<\/h1>\n[\/vc_column_text][\/vc_column][\/vc_row][vc_row][vc_column]<div class=\"vcex-spacing wpex-w-100 wpex-clear\"><\/div>[vc_column_text css=\u00a0\u00bb\u00a0\u00bb]\n<div>\n<h4><span lang=\"FR-CH\">car-tours.ch \u2013 le meilleur choix pour les voyages en groupe<\/span><\/h4>\n<\/div>\n[\/vc_column_text][\/vc_column][\/vc_row][vc_row el_class=\u00a0\u00bbwk-row\u00a0\u00bb][vc_column width=\u00a0\u00bb1\/2&Prime;][vc_column_text css=\u00a0\u00bb\u00a0\u00bb]\n<p style=\"font-weight: 400;\">En tr\u00e8s peu de temps, car-tours.ch est devenu l\u2019un des principaux voyagistes pour groupes et parmi les plus appr\u00e9ci\u00e9s de Suisse. <strong>Plus de 50\u2019000 clients voyagent chaque ann\u00e9e avec nous<\/strong> \u2013 et ceci pour de bonnes raisons: un service personnalis\u00e9, des programmes parfaitement planifi\u00e9s et un rapport qualit\u00e9\/prix imbattable gr\u00e2ce \u00e0 la vente directe.<\/p>\n<p style=\"font-weight: 400;\"><strong>Forts de leur exp\u00e9rience, nos professionnels du voyage con\u00e7oivent eux-m\u00eames chaque circuit,<\/strong> achetant directement les prestations aupr\u00e8s de partenaires renomm\u00e9s et de confiance. Gr\u00e2ce \u00e0 nos contacts de longue date dans le monde entier, nous sommes souvent en mesure de d\u00e9velopper des exp\u00e9riences et des combinaisons de voyages exclusives pour le march\u00e9 suisse. Nous op\u00e9rons \u00e0 partir de quatre sites et desservons jusqu\u2019\u00e0 30 lieux de d\u00e9part dans toute la Suisse \u2013 ce qui rend votre d\u00e9but de voyage particuli\u00e8rement confortable.<\/p>\n<p style=\"font-weight: 400;\"><strong>Nos 120 guides suisses accompagnent chacun de nos voyages avec passion et engagement.<\/strong> Ils s\u2019occupent de tout ce qui contribue \u00e0 faire de votre voyage une exp\u00e9rience \u00e0 la fois inoubliable et d\u00e9tendue \u2013 un service que vous ne trouverez que chez car-tours.ch.<\/p>\n<p style=\"font-weight: 400;\"><strong>Avec nous, vous voyagez mieux!<\/strong><br \/>\nD\u00e9couvrir, rire et savourer ensemble \u2013 et parfois m\u00eame se faire des amis pour la vie. Nos voyages sont sources de moments privil\u00e9gi\u00e9s. R\u00e9servez directement chez nous et d\u00e9couvrez pourquoi tant de clients voyagent r\u00e9guli\u00e8rement avec car-tours.ch. Nous avons h\u00e2te de vous accueillir bient\u00f4t \u00e0 bord!<\/p>\n<p style=\"font-weight: 400;\">Bien cordialement<br \/>\nPatrick Gil, Urs Tanner &amp; Verena B\u00fccheler<br \/>\net toute l\u2019\u00e9quipe car-tours.ch<\/p>\n[\/vc_column_text][\/vc_column][vc_column width=\u00a0\u00bb1\/2&Prime;][vc_column_text responsive_text=\u00a0\u00bbfalse\u00a0\u00bb css=\u00a0\u00bb.vc_custom_1738158115752{background-color: #FFFFFF !important;}\u00a0\u00bb el_class=\u00a0\u00bbcartours-special-coloured-box\u00a0\u00bb color=\u00a0\u00bb#2b3d51&Prime; wpex_border_color=\u00a0\u00bb#2b3d51&Prime;]\n<p style=\"font-weight: 400;\"><strong>Avec plus de 300 propositions de voyages, notre offre est unique<\/strong> \u2013 il y en a pour tous les go\u00fbts et tous les budgets:<\/p>\n<ul style=\"font-weight: 400;\">\n<li><strong>Circuits &amp; d\u00e9couvertes:<\/strong> circuits contrast\u00e9s et itin\u00e9raires uniques, pour d\u00e9couvrir de pr\u00e8s les plus belles destinations et leur culture.<\/li>\n<li><strong>Croisi\u00e8res:<\/strong> routes de r\u00eave sur les fleuves et les mers du monde.<\/li>\n<li><strong>Vols:<\/strong> d\u00e9coller confortablement, \u00e0 la d\u00e9couverte de pays lointains.<\/li>\n<li><strong>Randonn\u00e9es:<\/strong> vacances actives dans la nature, avec panoramas fantastiques.<\/li>\n<li><strong>Romantisme en train:<\/strong> vir\u00e9es nostalgiques au fil d\u2019itin\u00e9raires l\u00e9gendaires.<\/li>\n<li><strong>Voyages culinaires:<\/strong> pour les gourmands et les gourmets, des sp\u00e9cialit\u00e9s r\u00e9gionales aux saveurs internationales.<\/li>\n<li><strong>Musique &amp; voyages \u00e9v\u00e9nementiels:<\/strong> concerts, spectacles et manifestations culturelles au programme.<\/li>\n<li><strong>e-bike-tours.ch:<\/strong> d\u00e9couvrir le monde en deux-roues \u2013 \u00e9cologique et confortable.<\/li>\n<\/ul>\n[\/vc_column_text][\/vc_column][\/vc_row][vc_row][vc_column][vc_empty_space height=\u00a0\u00bb64px\u00a0\u00bb][\/vc_column][\/vc_row][vc_row][vc_column width=\u00a0\u00bb1\/3&Prime;][vc_single_image image=\u00a0\u00bb334930&Prime; css=\u00a0\u00bb\u00a0\u00bb][vc_column_text css=\u00a0\u00bb\u00a0\u00bb]\n<p style=\"text-align: center;\"><strong>Membre du Fonds de garantie de la<br \/>\nbranche suisse du voyage<\/strong><\/p>\n[\/vc_column_text][\/vc_column][vc_column width=\u00a0\u00bb1\/3&Prime;][vc_single_image image=\u00a0\u00bb332623&Prime; css=\u00a0\u00bb\u00a0\u00bb][vc_column_text css=\u00a0\u00bb\u00a0\u00bb]\n<p style=\"text-align: center;\"><strong>Membre de la F\u00e9d\u00e9ration<br \/>\nSuisse du Voyage<\/strong><\/p>\n[\/vc_column_text][\/vc_column][vc_column width=\u00a0\u00bb1\/3&Prime;][vc_single_image image=\u00a0\u00bb332621&Prime; css=\u00a0\u00bb\u00a0\u00bb][vc_column_text css=\u00a0\u00bb\u00a0\u00bb]\n<p style=\"text-align: center;\"><strong>Economiser encore plus avec<br \/>\nles ch\u00e8ques Reka<\/strong><\/p>\n[\/vc_column_text][\/vc_column][\/vc_row][\/vc_section]\n<\/div>","protected":false},"excerpt":{"rendered":"<p>[vc_section][vc_row full_width=\u00a0\u00bbstretch_row_content_no_spaces\u00a0\u00bb el_class=\u00a0\u00bbwk-header\u00a0\u00bb css=\u00a0\u00bb.vc_custom_1736946609247{background-image: url(https:\/\/car-tours.ch\/wp-content\/uploads\/2025\/01\/Ueber-uns_Header2.jpg?id=332549) !important;background-position: center !important;background-repeat: no-repeat !important;background-size: cover !important;}\u00a0\u00bb][vc_column][\/vc_column][\/vc_row][\/vc_section][vc_section el_class=\u00a0\u00bbwk-section\u00a0\u00bb][vc_row][vc_column][vc_column_text] \u00c0 propos de car-tours [\/vc_column_text][\/vc_column][\/vc_row][vc_row][vc_column][vc_column_text css=\u00a0\u00bb\u00a0\u00bb] car-tours.ch \u2013 le meilleur choix pour les voyages en groupe [\/vc_column_text][\/vc_column][\/vc_row][vc_row el_class=\u00a0\u00bbwk-row\u00a0\u00bb][vc_column width=\u00a0\u00bb1\/2&Prime;][vc_column_text css=\u00a0\u00bb\u00a0\u00bb] En tr\u00e8s peu de temps, car-tours.ch est devenu l\u2019un des principaux voyagistes pour groupes et parmi les plus appr\u00e9ci\u00e9s de Suisse. Plus&hellip;<\/p>\n","protected":false},"author":1,"featured_media":0,"parent":94011,"menu_order":0,"comment_status":"closed","ping_status":"closed","template":"","meta":{"_acf_changed":false,"content-type":"","footnotes":""},"class_list":["post-94110","page","type-page","status-publish","hentry","entry","no-media"],"acf":[],"_links":{"self":[{"href":"https:\/\/car-tours.ch\/fr\/wp-json\/wp\/v2\/pages\/94110","targetHints":{"allow":["GET"]}}],"collection":[{"href":"https:\/\/car-tours.ch\/fr\/wp-json\/wp\/v2\/pages"}],"about":[{"href":"https:\/\/car-tours.ch\/fr\/wp-json\/wp\/v2\/types\/page"}],"author":[{"embeddable":true,"href":"https:\/\/car-tours.ch\/fr\/wp-json\/wp\/v2\/users\/1"}],"replies":[{"embeddable":true,"href":"https:\/\/car-tours.ch\/fr\/wp-json\/wp\/v2\/comments?post=94110"}],"version-history":[{"count":16,"href":"https:\/\/car-tours.ch\/fr\/wp-json\/wp\/v2\/pages\/94110\/revisions"}],"predecessor-version":[{"id":335009,"href":"https:\/\/car-tours.ch\/fr\/wp-json\/wp\/v2\/pages\/94110\/revisions\/335009"}],"up":[{"embeddable":true,"href":"https:\/\/car-tours.ch\/fr\/wp-json\/wp\/v2\/pages\/94011"}],"wp:attachment":[{"href":"https:\/\/car-tours.ch\/fr\/wp-json\/wp\/v2\/media?parent=94110"}],"curies":[{"name":"wp","href":"https:\/\/api.w.org\/{rel}","templated":true}]}}