{"id":94004,"date":"2019-11-07T16:21:09","date_gmt":"2019-11-07T15:21:09","guid":{"rendered":"https:\/\/car-tours.dev4.webkoenig.ch\/sur-nos-voyages\/zahlung-mit-reka\/"},"modified":"2024-04-18T14:31:25","modified_gmt":"2024-04-18T12:31:25","slug":"economisez-encore-plus-reka","status":"publish","type":"page","link":"https:\/\/car-tours.ch\/fr\/sur-nos-voyages\/economisez-encore-plus-reka\/","title":{"rendered":"\u00c9conomisez encore plus reka"},"content":{"rendered":"<div class=\"wpb-content-wrapper\">[vc_section][vc_row full_width=\u00a0\u00bbstretch_row_content_no_spaces\u00a0\u00bb css=\u00a0\u00bb.vc_custom_1686837130166{background-image: url(https:\/\/car-tours-holidaypartner-production.rokka.io\/cartours-full\/efd8c283ece0dbaa6497476022d95595f32eeac4\/schweizer-franken-1.png?id=264744) !important;background-position: center !important;background-repeat: no-repeat !important;background-size: cover !important;}\u00a0\u00bb el_class=\u00a0\u00bbwk-header\u00a0\u00bb][vc_column][\/vc_column][\/vc_row][\/vc_section][vc_section el_class=\u00a0\u00bbwk-section\u00a0\u00bb][vc_row][vc_column][vc_column_text]\n<h1>Reka<\/h1>\n[\/vc_column_text][\/vc_column][\/vc_row][vc_row el_class=\u00a0\u00bbwk-row\u00a0\u00bb][vc_column width=\u00a0\u00bb2\/3&Prime;][vc_column_text]\n<h2 class=\"reka-h2\">\u00c9conomisez encore plus Reka<\/h2>\n<p>car-tours.ch accepte l&rsquo;argent Reka 100% pour toutes nos offres de voyage. Veuillez prendre en consid\u00e9ration quelques remarques.<\/p>\n<h2 class=\"reka-h2\">Paiement avec Reka-Card<\/h2>\n<p>Le paiement avec Reka-Card est facile et s\u00fbr. <a href=\"https:\/\/reka.ch\/fr\/argentreka\" target=\"_blank\" rel=\"noopener noreferrer\">www.reka.ch<\/a> -&gt; Reka-Card vous donne toutes les informations du mode de paiement populaire. Virez par <a href=\"https:\/\/reka.ch\/fr\/argentreka\/login-portail-clients\" target=\"_blank\" rel=\"noopener noreferrer\">www.rekanet.ch<\/a> le montant d\u00e9sir\u00e9. En cas de paiement restant, la documentation de voyage vous sera envoy\u00e9e \u00e0 temps d\u00fb.<\/p>\n<h2 class=\"reka-h2\">Paiement avec Reka-Ch\u00e8ques<\/h2>\n<p>Veuillez envoyer vos ch\u00e8ques \u00ab\u00a0recommand\u00e9\u00a0\u00bb ou \u00ab\u00a0secure post\u00a0\u00bb \u00e0 l&rsquo;adresse suivante:<\/p>\n<p>Holiday Partner SA<br \/>\ncar-tours.ch<br \/>\nTalstrasse 24<br \/>\n8852 Altendorf[\/vc_column_text][vc_empty_space][\/vc_column][vc_column width=\u00a0\u00bb1\/3&Prime;]<figure class=\"vcex-image vcex-module\"><div class=\"vcex-image-inner wpex-relative wpex-inline-block\"><img width=\"367\" height=\"229\" src=\"https:\/\/car-tours-holidaypartner-production.rokka.io\/cartours-full\/84055fc260396da8bc7f96301fbc22ab52d4a13d\/reka2.jpg\" class=\"vcex-image-img wpex-align-middle\" alt=\"\" loading=\"lazy\" decoding=\"async\" srcset=\"https:\/\/car-tours-holidaypartner-production.rokka.io\/cartours-full\/84055fc260396da8bc7f96301fbc22ab52d4a13d\/reka2.jpg 367w, https:\/\/car-tours-holidaypartner-production.rokka.io\/cartours-medium\/84055fc260396da8bc7f96301fbc22ab52d4a13d\/reka2-300x187.jpg 300w\" sizes=\"auto, (max-width: 367px) 100vw, 367px\"><\/div><\/figure>[\/vc_column][\/vc_row][vc_row][vc_column][vc_column_text css=\u00a0\u00bb\u00a0\u00bb]Pour l&rsquo;envoi par la poste, <span style=\"text-decoration: underline;\"><strong>veuillez indiquer en tout cas la somme envoy\u00e9e, le num\u00e9ro de client et le num\u00e9ro de la facture<\/strong><\/span>. En cas de d\u00e9saccord, nous vous contactons par \u00e9crit ou par t\u00e9l\u00e9phone dans les deux jours suivants apr\u00e8s r\u00e9ception des ch\u00e8ques. S&rsquo;il s&rsquo;agit d&rsquo;un paiement partiel, nous vous envoyons par la suite un nouveau bulletin de versement. En cas de paiement restant, la documentation de voyage vous sera envoy\u00e9e \u00e0 temps d\u00fb.<\/p>\n<p>Veuillez noter q&rsquo;une lettre \u00ab\u00a0recommand\u00e9\u00a0\u00bb est assur\u00e9e au maximum pour la valeur de Fr 500.-. Si vous d\u00e9sirez envoyer un montant plus \u00e9lev\u00e9 (secure poste) votre bureau de poste vous donnera les informations utiles.<\/p>\n<p>Si vous souhaitez une couverture plus \u00e9lev\u00e9e (Secure Post), veuillez vous renseigner aupr\u00e8s de votre bureau de poste le plus proche.<\/p>\n<p>Pendant nos heures d&rsquo;ouverture <a href=\"https:\/\/car-tours.ch\/fr\/contact\/\">dans nos bureaux<\/a>, nous acceptons vos ch\u00e8ques personnellement contre une quittance. Holiday Partner n&rsquo;est pas responsable d&rsquo;un envoi de ch\u00e8ques perdu ou incomplet, un remboursement pour un montant pay\u00e9 en trop en forme de ch\u00e8ques Reka n&rsquo;est pas possible.[\/vc_column_text][\/vc_column][\/vc_row][\/vc_section]\n<\/div>","protected":false},"excerpt":{"rendered":"<p>[vc_section][vc_row full_width=\u00a0\u00bbstretch_row_content_no_spaces\u00a0\u00bb css=\u00a0\u00bb.vc_custom_1686837130166{background-image: url(https:\/\/car-tours-holidaypartner-production.rokka.io\/cartours-full\/efd8c283ece0dbaa6497476022d95595f32eeac4\/schweizer-franken-1.png?id=264744) !important;background-position: center !important;background-repeat: no-repeat !important;background-size: cover !important;}\u00a0\u00bb el_class=\u00a0\u00bbwk-header\u00a0\u00bb][vc_column][\/vc_column][\/vc_row][\/vc_section][vc_section el_class=\u00a0\u00bbwk-section\u00a0\u00bb][vc_row][vc_column][vc_column_text] Reka [\/vc_column_text][\/vc_column][\/vc_row][vc_row el_class=\u00a0\u00bbwk-row\u00a0\u00bb][vc_column width=\u00a0\u00bb2\/3&Prime;][vc_column_text] \u00c9conomisez encore plus Reka car-tours.ch accepte l&rsquo;argent Reka 100% pour toutes nos offres de voyage. Veuillez prendre en consid\u00e9ration quelques remarques. Paiement avec Reka-Card Le paiement avec Reka-Card est facile et s\u00fbr. www.reka.ch -&gt; Reka-Card vous donne toutes&hellip;<\/p>\n","protected":false},"author":1,"featured_media":0,"parent":93956,"menu_order":0,"comment_status":"closed","ping_status":"closed","template":"","meta":{"_acf_changed":false,"content-type":"","footnotes":""},"class_list":["post-94004","page","type-page","status-publish","hentry","entry","no-media"],"acf":[],"_links":{"self":[{"href":"https:\/\/car-tours.ch\/fr\/wp-json\/wp\/v2\/pages\/94004","targetHints":{"allow":["GET"]}}],"collection":[{"href":"https:\/\/car-tours.ch\/fr\/wp-json\/wp\/v2\/pages"}],"about":[{"href":"https:\/\/car-tours.ch\/fr\/wp-json\/wp\/v2\/types\/page"}],"author":[{"embeddable":true,"href":"https:\/\/car-tours.ch\/fr\/wp-json\/wp\/v2\/users\/1"}],"replies":[{"embeddable":true,"href":"https:\/\/car-tours.ch\/fr\/wp-json\/wp\/v2\/comments?post=94004"}],"version-history":[{"count":13,"href":"https:\/\/car-tours.ch\/fr\/wp-json\/wp\/v2\/pages\/94004\/revisions"}],"predecessor-version":[{"id":306352,"href":"https:\/\/car-tours.ch\/fr\/wp-json\/wp\/v2\/pages\/94004\/revisions\/306352"}],"up":[{"embeddable":true,"href":"https:\/\/car-tours.ch\/fr\/wp-json\/wp\/v2\/pages\/93956"}],"wp:attachment":[{"href":"https:\/\/car-tours.ch\/fr\/wp-json\/wp\/v2\/media?parent=94004"}],"curies":[{"name":"wp","href":"https:\/\/api.w.org\/{rel}","templated":true}]}}