{"id":293581,"date":"2024-01-11T11:35:42","date_gmt":"2024-01-11T10:35:42","guid":{"rendered":"https:\/\/car-tours.ch\/?page_id=293581"},"modified":"2024-01-17T11:22:13","modified_gmt":"2024-01-17T10:22:13","slug":"interviews","status":"publish","type":"page","link":"https:\/\/car-tours.ch\/fr\/blog-de-voyage\/interviews\/","title":{"rendered":"Interviews"},"content":{"rendered":"<div class=\"wpb-content-wrapper\">[vc_row][vc_column]<div class=\"templatera_shortcode wk-header-outer-box\"><style type=\"text\/css\" data-type=\"vc_shortcodes-custom-css\">.vc_custom_1750661462089{background-image: url(https:\/\/car-tours.ch\/wp-content\/uploads\/2021\/06\/Blog_Titelbild_Furka_full.jpg?id=333696) !important;background-position: center !important;background-repeat: no-repeat !important;background-size: cover !important;}<\/style><div class=\"vc_section wk-header vc_custom_1750661462089 wpex-vc-full-width-section wpex-vc-full-width-section--centered wpex-relative wpex-vc_section-has-fill wpex-vc-reset-negative-margin\" style=\"background-position:top left!important;\"><\/div><div class=\"vc_row wpb_row vc_row-fluid wk-searchform-box-on-banner wpex-vc-full-width-row wpex-vc-full-width-row--no-padding wpex-relative\" style=\"background-position:top center!important;\"><div class=\"wpb_column vc_column_container vc_col-sm-12\"><div class=\"vc_column-inner\"><div class=\"wpb_wrapper\">\n    <div class=\"wk-header-outer-box\">\n        <div id=\"cartours-events-searchform\" class=\"cartours-events-searchform\">\n            <div class=\"search-container type2\">\n  <div class=\"container\">\n    <div class=\"dt-sc-tabs-container\">\n      <div class=\"dt-sc-tabs-frame-content\">          <form name=\"frm_blog_posts_search\" class=\"frm-blog-posts-search\" action=\"https:\/\/car-tours.ch\/fr\/blog-de-voyage\/travelogues-resultats-de-la-recherche\/\" method=\"get\">\n\t\t\t            <p class=\"frmeventsearch-cmb_blogtravel_trip_year\">\n              <span class=\"selection-box\">\n                  <select name=\"cmb_tour_year\">\n                      <option value=\"\">Ann\u00e9e<\/option>\n                      <option value='2025'  >2025<\/option><option value='2024'  >2024<\/option><option value='2023'  >2023<\/option><option value='2022'  >2022<\/option><option value='2021'  >2021<\/option><option value='2020'  >2020<\/option><option value='2019'  >2019<\/option><option value='2018'  >2018<\/option><option value='2017'  >2017<\/option><option value='2016'  >2016<\/option>                  <\/select>\n              <\/span>\n            <\/p>\n            <p class=\"frmeventsearch-cmb_blogtravel_trip_month\">\n              <span class=\"selection-box\">\n                  <select name=\"cmb_tour_month\">\n                      <option value=\"\">Le mois<\/option>\n                      <option value='01'  >janvier<\/option><option value='02'  >f\u00e9vrier<\/option><option value='04'  >avril<\/option><option value='06'  >juin<\/option><option value='07'  >juillet<\/option><option value='08'  >ao\u00fbt<\/option><option value='09'  >septembre<\/option><option value='10'  >octobre<\/option><option value='11'  >novembre<\/option><option value='12'  >d\u00e9cembre<\/option><option value='03'  >mars<\/option><option value='05'  >avril<\/option>                  <\/select>\n              <\/span>\n            <\/p>\n            <p class=\"frm_blog_posts_search-cmbtourcountry\">\n              <span class=\"selection-box\">\n                  <select name=\"cmbtourcountry\">\n                      <option value=\"\">pays \/ r\u00e9gion<\/option>\n                      <option value='Allemagne'  >Allemagne<\/option><option value='Andorre'  >Andorre<\/option><option value='Angleterre'  >Angleterre<\/option><option value='Autriche'  >Autriche<\/option><option value='Belgique'  >Belgique<\/option><option value='Croatie'  >Croatie<\/option><option value='Deutschland'  >Deutschland<\/option><option value='Ecosse'  >Ecosse<\/option><option value='Espagne'  >Espagne<\/option><option value='Finlande'  >Finlande<\/option><option value='France'  >France<\/option><option value='Grande-Bretagne'  >Grande-Bretagne<\/option><option value='Greece'  >Greece<\/option><option value='Gr\u00e8ce'  >Gr\u00e8ce<\/option><option value='Hollande'  >Hollande<\/option><option value='Hongrie, Autriche & Tch\u00e9quie'  >Hongrie, Autriche & Tch\u00e9quie<\/option><option value='Hongrie, Autriche, Allemagne'  >Hongrie, Autriche, Allemagne<\/option><option value='Irlande'  >Irlande<\/option><option value='Islande'  >Islande<\/option><option value='Italie'  >Italie<\/option><option value='Italie & France'  >Italie & France<\/option><option value='Italien'  >Italien<\/option><option value='Jordanie'  >Jordanie<\/option><option value='Kroatien'  >Kroatien<\/option><option value='Luxembourg'  >Luxembourg<\/option><option value='Norv\u00e8ge'  >Norv\u00e8ge<\/option><option value='Pays-Bas'  >Pays-Bas<\/option><option value='Portugal'  >Portugal<\/option><option value='Russie'  >Russie<\/option><option value='Scandinavie'  >Scandinavie<\/option><option value='Suisse'  >Suisse<\/option><option value='Tch\u00e8que'  >Tch\u00e8que<\/option><option value='Tch\u00e9quie'  >Tch\u00e9quie<\/option><option value='Tch\u00e9quie, Hongrie & Autriche'  >Tch\u00e9quie, Hongrie & Autriche<\/option>                  <\/select>\n              <\/span>\n            <\/p>\n            <p class=\"frm_blog_posts_search-txtpostname\">\n              <span class=\"wk-or-word\">ou<\/span>\n              <span class=\"wk-searchtext-field\">\n                <input type=\"text\" name=\"txtpostname\" title=\"Entrer un mot-cl\u00e9\" placeholder=\"Entrer un mot-cl\u00e9\" value=\"\"\/>\n              <\/span>\n            <\/p>\n            <div class=\"frm_blog_posts_search-subsearch\">\n              <input class=\"red\" name=\"subsearch\" type=\"submit\" value=\"Lancer la recherche\"\/>\n            <\/div>\n          <\/form>\n\t\t        <\/div>\n      <div style=\"clear: both;\"><\/div>\n    <\/div>\n    <div style=\"clear: both;\"><\/div>\n  <\/div>\n<\/div>\n\n        <\/div>\n    <\/div><\/div><\/div><\/div><\/div><\/div>[\/vc_column][\/vc_row][vc_section el_class=\u00a0\u00bbwk-section\u00a0\u00bb][vc_row column_spacing=\u00a0\u00bb0px\u00a0\u00bb][vc_column][vc_column_text]\n<h1>Interviews<\/h1>\n[\/vc_column_text][\/vc_column][\/vc_row][\/vc_section][vc_section el_class=\u00a0\u00bbwk-section\u00a0\u00bb][vc_row][vc_column]\n    <div id=\"obwk-travellog-posts-list-bGltaXQ2dHh0cG9zdG5h\" class=\"obwk-travellog-posts-list  reiseberichte-post-v2\">\n        <div id=\"post-362073\" class=\"blog-report-box column dt-sc-one-third first \">\n  <div class=\"dt-sc-event\">\n    <div class=\"event-thumb cartours-functions-file\">\n      <a href=\"https:\/\/car-tours.ch\/fr\/bernhard-russi-cote-voyages\/\" title=\"Bernhard Russi, c\u00f4t\u00e9 voyages\">\n\t\t<img width=\"800\" height=\"600\" src=\"https:\/\/car-tours-holidaypartner-production.rokka.io\/cartours-full\/c5e4c440d4a859b1324cf7e5edacaaf7d3e8a28d\/russi-800x600-1.jpg\" class=\"attachment-posts-threecol size-posts-threecol wp-post-image\" alt=\"\" title=\"Bernhard Russi, c\u00f4t\u00e9 voyages\" srcset=\"https:\/\/car-tours-holidaypartner-production.rokka.io\/cartours-full\/c5e4c440d4a859b1324cf7e5edacaaf7d3e8a28d\/russi-800x600-1.jpg 800w, https:\/\/car-tours-holidaypartner-production.rokka.io\/cartours-medium\/c5e4c440d4a859b1324cf7e5edacaaf7d3e8a28d\/russi-800x600-1-300x225.jpg 300w, https:\/\/car-tours-holidaypartner-production.rokka.io\/cartours-medium_large\/c5e4c440d4a859b1324cf7e5edacaaf7d3e8a28d\/russi-800x600-1-768x576.jpg 768w\" sizes=\"(max-width: 800px) 100vw, 800px\">        <div class=\"image-overlay\">\n          <span class=\"image-overlay-inside\"><\/span>\n        <\/div>\n      <\/a>\n    <\/div>\n    <div class=\"dt-sc-event-content\">\n\t        <h4><a href=\"https:\/\/car-tours.ch\/fr\/bernhard-russi-cote-voyages\/\">Bernhard Russi, c\u00f4t\u00e9 voyages<\/a><\/h4>\n\t  <p>Entretien passionnant avec Bernhard Russi<\/p>      <div class=\"dt-sc-event-detail\">\n\t\t          <div class=\"dt-sc-event-date\">\n\t\t\t13 janvier 2026          <\/div>\n\t\t        <a href=\"https:\/\/car-tours.ch\/fr\/bernhard-russi-cote-voyages\/\" class=\"dt-sc-button too-small\">lire maintenant<\/a>\n      <\/div>\n      <div style=\"clear: both;\"><\/div>\n    <\/div>\n  <\/div>\n<\/div>\n<div id=\"post-362069\" class=\"blog-report-box column dt-sc-one-third\">\n  <div class=\"dt-sc-event\">\n    <div class=\"event-thumb cartours-functions-file\">\n      <a href=\"https:\/\/car-tours.ch\/fr\/wendy-holdener-attend-encore-le-sacre-ultime\/\" title=\"Wendy Holdener attend encore le sacre ultime\">\n\t\t<img width=\"800\" height=\"600\" src=\"https:\/\/car-tours-holidaypartner-production.rokka.io\/cartours-full\/c812b2c3b4b65cceca00431e8600d401993c69e1\/blog-wendy-holdener2.jpg\" class=\"attachment-posts-threecol size-posts-threecol wp-post-image\" alt=\"\" title=\"Wendy Holdener attend encore le sacre ultime\" srcset=\"https:\/\/car-tours-holidaypartner-production.rokka.io\/cartours-full\/c812b2c3b4b65cceca00431e8600d401993c69e1\/blog-wendy-holdener2.jpg 800w, https:\/\/car-tours-holidaypartner-production.rokka.io\/cartours-medium\/c812b2c3b4b65cceca00431e8600d401993c69e1\/blog-wendy-holdener2-300x225.jpg 300w, https:\/\/car-tours-holidaypartner-production.rokka.io\/cartours-medium_large\/c812b2c3b4b65cceca00431e8600d401993c69e1\/blog-wendy-holdener2-768x576.jpg 768w\" sizes=\"(max-width: 800px) 100vw, 800px\">        <div class=\"image-overlay\">\n          <span class=\"image-overlay-inside\"><\/span>\n        <\/div>\n      <\/a>\n    <\/div>\n    <div class=\"dt-sc-event-content\">\n\t        <h4><a href=\"https:\/\/car-tours.ch\/fr\/wendy-holdener-attend-encore-le-sacre-ultime\/\">Wendy Holdener attend encore le sacre ultime<\/a><\/h4>\n\t  <p>Wendy Holdener est la meilleure slalomeuse suisse de ces dix derni\u00e8res ann\u00e9es. La Schwytzoise, une sorte de Marco Odermatt au f\u00e9minin, a beaucoup gagn\u00e9, mais jamais autant que son immense talent l\u2019aurait laiss\u00e9 esp\u00e9rer. Peut-\u00eatre son heure de gloire sonnera-t-elle enfin lors des Jeux olympiques de Cortina d\u2019Ampezzo.<\/p>      <div class=\"dt-sc-event-detail\">\n\t\t          <div class=\"dt-sc-event-date\">\n\t\t\t13 janvier 2026          <\/div>\n\t\t        <a href=\"https:\/\/car-tours.ch\/fr\/wendy-holdener-attend-encore-le-sacre-ultime\/\" class=\"dt-sc-button too-small\">lire maintenant<\/a>\n      <\/div>\n      <div style=\"clear: both;\"><\/div>\n    <\/div>\n  <\/div>\n<\/div>\n<div id=\"post-344478\" class=\"blog-report-box column dt-sc-one-third\">\n  <div class=\"dt-sc-event\">\n    <div class=\"event-thumb cartours-functions-file\">\n      <a href=\"https:\/\/car-tours.ch\/fr\/susanne-wille-un-vent-de-confiance-a-la-ssr\/\" title=\"Susanne Wille, un vent de confiance \u00e0 la SSR\">\n\t\t<img width=\"800\" height=\"600\" src=\"https:\/\/car-tours.ch\/wp-content\/uploads\/2025\/01\/Susann-Wille_TOP.jpg\" class=\"attachment-posts-threecol size-posts-threecol wp-post-image\" alt=\"\" title=\"Susanne Wille, un vent de confiance \u00e0 la SSR\" srcset=\"https:\/\/car-tours.ch\/wp-content\/uploads\/2025\/01\/Susann-Wille_TOP.jpg 800w, https:\/\/car-tours.ch\/wp-content\/uploads\/2025\/01\/Susann-Wille_TOP-300x225.jpg 300w, https:\/\/car-tours.ch\/wp-content\/uploads\/2025\/01\/Susann-Wille_TOP-768x576.jpg 768w\" sizes=\"(max-width: 800px) 100vw, 800px\">        <div class=\"image-overlay\">\n          <span class=\"image-overlay-inside\"><\/span>\n        <\/div>\n      <\/a>\n    <\/div>\n    <div class=\"dt-sc-event-content\">\n\t        <h4><a href=\"https:\/\/car-tours.ch\/fr\/susanne-wille-un-vent-de-confiance-a-la-ssr\/\">Susanne Wille, un vent de confiance \u00e0 la SSR<\/a><\/h4>\n\t  <p>Susanne Wille est la premi\u00e8re femme \u00e0 la t\u00eate de la SSR. L\u2019ancienne pr\u00e9sentatrice de t\u00e9l\u00e9vision et cheffe du d\u00e9partement Culture de la SRF poss\u00e8de de nombreuses remarquables qualit\u00e9s. Et elle en aura bien besoin, car guider le colosse de la SSR vers un avenir prometteur est certainement le plus grand des d\u00e9fis dans le paysage m\u00e9diatique suisse.<\/p>      <div class=\"dt-sc-event-detail\">\n\t\t          <div class=\"dt-sc-event-date\">\n\t\t\t6 juin 2025          <\/div>\n\t\t        <a href=\"https:\/\/car-tours.ch\/fr\/susanne-wille-un-vent-de-confiance-a-la-ssr\/\" class=\"dt-sc-button too-small\">lire maintenant<\/a>\n      <\/div>\n      <div style=\"clear: both;\"><\/div>\n    <\/div>\n  <\/div>\n<\/div>\n<div id=\"post-332368\" class=\"blog-report-box column dt-sc-one-third first \">\n  <div class=\"dt-sc-event\">\n    <div class=\"event-thumb cartours-functions-file\">\n      <a href=\"https:\/\/car-tours.ch\/fr\/francine-jordi-et-ses-moments-de-voyage-preferes\/\" title=\"Francine Jordi et ses moments de voyage pr\u00e9f\u00e9r\u00e9s\">\n\t\t<img width=\"800\" height=\"600\" src=\"https:\/\/car-tours.ch\/wp-content\/uploads\/2025\/01\/Francine-Jordi-800x600-1.jpg\" class=\"attachment-posts-threecol size-posts-threecol wp-post-image\" alt=\"\" title=\"Francine Jordi et ses moments de voyage pr\u00e9f\u00e9r\u00e9s\" srcset=\"https:\/\/car-tours.ch\/wp-content\/uploads\/2025\/01\/Francine-Jordi-800x600-1.jpg 800w, https:\/\/car-tours.ch\/wp-content\/uploads\/2025\/01\/Francine-Jordi-800x600-1-300x225.jpg 300w, https:\/\/car-tours.ch\/wp-content\/uploads\/2025\/01\/Francine-Jordi-800x600-1-768x576.jpg 768w\" sizes=\"(max-width: 800px) 100vw, 800px\">        <div class=\"image-overlay\">\n          <span class=\"image-overlay-inside\"><\/span>\n        <\/div>\n      <\/a>\n    <\/div>\n    <div class=\"dt-sc-event-content\">\n\t        <h4><a href=\"https:\/\/car-tours.ch\/fr\/francine-jordi-et-ses-moments-de-voyage-preferes\/\">Francine Jordi et ses moments de voyage pr\u00e9f\u00e9r\u00e9s<\/a><\/h4>\n\t  <p>Interview passionnante sur les voyages avec Francine Jordi<\/p>      <div class=\"dt-sc-event-detail\">\n\t\t          <div class=\"dt-sc-event-date\">\n\t\t\t17 janvier 2025          <\/div>\n\t\t        <a href=\"https:\/\/car-tours.ch\/fr\/francine-jordi-et-ses-moments-de-voyage-preferes\/\" class=\"dt-sc-button too-small\">lire maintenant<\/a>\n      <\/div>\n      <div style=\"clear: both;\"><\/div>\n    <\/div>\n  <\/div>\n<\/div>\n<div id=\"post-332337\" class=\"blog-report-box column dt-sc-one-third\">\n  <div class=\"dt-sc-event\">\n    <div class=\"event-thumb cartours-functions-file\">\n      <a href=\"https:\/\/car-tours.ch\/fr\/il-est-sorti-de-nulle-part\/\" title=\"Il est sorti de nulle part\">\n\t\t<img width=\"800\" height=\"600\" src=\"https:\/\/car-tours-holidaypartner-production.rokka.io\/cartours-full\/b41cee4aac33a0c9efc7f441007b6583db59604d\/er-kam-aus-dem-nichts-top.jpg\" class=\"attachment-posts-threecol size-posts-threecol wp-post-image\" alt=\"\" title=\"Il est sorti de nulle part\" srcset=\"https:\/\/car-tours-holidaypartner-production.rokka.io\/cartours-full\/b41cee4aac33a0c9efc7f441007b6583db59604d\/er-kam-aus-dem-nichts-top.jpg 800w, https:\/\/car-tours-holidaypartner-production.rokka.io\/cartours-medium\/b41cee4aac33a0c9efc7f441007b6583db59604d\/er-kam-aus-dem-nichts-top-300x225.jpg 300w, https:\/\/car-tours-holidaypartner-production.rokka.io\/cartours-medium_large\/b41cee4aac33a0c9efc7f441007b6583db59604d\/er-kam-aus-dem-nichts-top-768x576.jpg 768w\" sizes=\"(max-width: 800px) 100vw, 800px\">        <div class=\"image-overlay\">\n          <span class=\"image-overlay-inside\"><\/span>\n        <\/div>\n      <\/a>\n    <\/div>\n    <div class=\"dt-sc-event-content\">\n\t        <h4><a href=\"https:\/\/car-tours.ch\/fr\/il-est-sorti-de-nulle-part\/\">Il est sorti de nulle part<\/a><\/h4>\n\t  <p>Certaines personnes m\u00e9riteraient qu\u2019on \u00e9crive un livre \u00e0 leur sujet et Urs E. Schwarzenbach, milliardaire, financier, investisseur, m\u00e9c\u00e8ne, magnat de l\u2019immobilier et propri\u00e9taire du luxueux h\u00f4tel zurichois The Dolder Grand qui c\u00e9l\u00e8bre cette ann\u00e9e son 125e anniversaire, en fait assur\u00e9ment partie.<\/p>      <div class=\"dt-sc-event-detail\">\n\t\t          <div class=\"dt-sc-event-date\">\n\t\t\t14 janvier 2025          <\/div>\n\t\t        <a href=\"https:\/\/car-tours.ch\/fr\/il-est-sorti-de-nulle-part\/\" class=\"dt-sc-button too-small\">lire maintenant<\/a>\n      <\/div>\n      <div style=\"clear: both;\"><\/div>\n    <\/div>\n  <\/div>\n<\/div>\n<div id=\"post-310473\" class=\"blog-report-box column dt-sc-one-third\">\n  <div class=\"dt-sc-event\">\n    <div class=\"event-thumb cartours-functions-file\">\n      <a href=\"https:\/\/car-tours.ch\/fr\/hausi-un-succes-durable-sand-date-de-peremption\/\" title=\"Hausi \u2013 Un succ\u00e8s durable sans date de p\u00e9remption\">\n\t\t<img width=\"800\" height=\"600\" src=\"https:\/\/car-tours.ch\/wp-content\/uploads\/2024\/06\/Hausi-Blog-Titelbild.jpg\" class=\"attachment-posts-threecol size-posts-threecol wp-post-image\" alt=\"\" title=\"Hausi \u2013 Un succ\u00e8s durable sans date de p\u00e9remption\" srcset=\"https:\/\/car-tours.ch\/wp-content\/uploads\/2024\/06\/Hausi-Blog-Titelbild.jpg 800w, https:\/\/car-tours.ch\/wp-content\/uploads\/2024\/06\/Hausi-Blog-Titelbild-300x225.jpg 300w, https:\/\/car-tours.ch\/wp-content\/uploads\/2024\/06\/Hausi-Blog-Titelbild-768x576.jpg 768w\" sizes=\"(max-width: 800px) 100vw, 800px\">        <div class=\"image-overlay\">\n          <span class=\"image-overlay-inside\"><\/span>\n        <\/div>\n      <\/a>\n    <\/div>\n    <div class=\"dt-sc-event-content\">\n\t        <h4><a href=\"https:\/\/car-tours.ch\/fr\/hausi-un-succes-durable-sand-date-de-peremption\/\">Hausi \u2013 Un succ\u00e8s durable sans date de p\u00e9remption<\/a><\/h4>\n\t  <p>Dans sa 85e ann\u00e9e, Hans \u00abHausi\u00bb Leutenegger est en pleine forme. L\u2019entrepreneur \u00e0 succ\u00e8s, champion olympique de bobsleigh et acteur de cin\u00e9ma, parle depuis des ann\u00e9es de ralentir la cadence. Dans les faits, il n\u2019en est rien. Et c\u2019est tant mieux.<\/p>      <div class=\"dt-sc-event-detail\">\n\t\t          <div class=\"dt-sc-event-date\">\n\t\t\t10 juin 2024          <\/div>\n\t\t        <a href=\"https:\/\/car-tours.ch\/fr\/hausi-un-succes-durable-sand-date-de-peremption\/\" class=\"dt-sc-button too-small\">lire maintenant<\/a>\n      <\/div>\n      <div style=\"clear: both;\"><\/div>\n    <\/div>\n  <\/div>\n<\/div>\n    <div class=\"pagination blog-pagination\">\n\t<ul><li class='active-page'>1<\/li><li><a href='javascript: \/\/nop' onclick='obwk_travellog_posts_list_bGltaXQ2dHh0cG9zdG5h(2)'>2<\/a><\/li><li><a href='javascript: \/\/nop' onclick='obwk_travellog_posts_list_bGltaXQ2dHh0cG9zdG5h(3)'>3<\/a><\/li><li><a href='javascript: \/\/nop' onclick='obwk_travellog_posts_list_bGltaXQ2dHh0cG9zdG5h(4)'>4<\/a><\/li><li><a href='javascript: \/\/nop' onclick='obwk_travellog_posts_list_bGltaXQ2dHh0cG9zdG5h(5)'>5<\/a><\/li><li><a href='javascript: \/\/nop' onclick='obwk_travellog_posts_list_bGltaXQ2dHh0cG9zdG5h(6)'>6<\/a><\/li><li><a href='javascript: \/\/nop' onclick='obwk_travellog_posts_list_bGltaXQ2dHh0cG9zdG5h(7)'>7<\/a><\/li><li><a href='javascript: \/\/nop' onclick='obwk_travellog_posts_list_bGltaXQ2dHh0cG9zdG5h(8)'>8<\/a><\/li><li><a href='javascript: \/\/nop' onclick='obwk_travellog_posts_list_bGltaXQ2dHh0cG9zdG5h(9)'>9<\/a><\/li><li><a href='javascript: \/\/nop' onclick='obwk_travellog_posts_list_bGltaXQ2dHh0cG9zdG5h(10)'>10<\/a><\/li><\/ul><a class='next-post' href='javascript: \/\/nop' onclick='obwk_travellog_posts_list_bGltaXQ2dHh0cG9zdG5h(2)'>Suivante<span class='fa fa-angle-right'><\/span><\/a>    <\/div><script type=\"text\/javascript\">\n    var obwk_travellog_posts_list_bGltaXQ2dHh0cG9zdG5h_response = null;\n    function obwk_travellog_posts_list_bGltaXQ2dHh0cG9zdG5h(page_no) {\n        var $ = jQuery;\n        \n        var dt_posts_list_width = $('#obwk-travellog-posts-list-bGltaXQ2dHh0cG9zdG5h').width();\n        var dt_posts_list_height = $('#obwk-travellog-posts-list-bGltaXQ2dHh0cG9zdG5h').height();\n        $('#obwk-travellog-posts-list-bGltaXQ2dHh0cG9zdG5h').append('<div class=\"ajax-loading-layer\"><\/div>');\n        $('#obwk-travellog-posts-list-bGltaXQ2dHh0cG9zdG5h').find('> .ajax-loading-layer').css({\n            height: dt_posts_list_height+'px',\n            width: dt_posts_list_width+'px'\n        }).append(\n            '<img class=\"ajax-loading-img\" src=\"\/wp-content\/themes\/total-child-theme\/images\/fancybox\/fancybox_loading-v4.png\" \/>'\n        ).fadeIn().css({display: 'flex'});\n        $.ajax({\n            url: obwk_ajaxurl,   \/* look to functions.php file *\/\n            dataType: 'html',\n            data: {\n                action: 'get_reiseberichte_blog_posts_page',\n                shortcode_unique_id_callback_func: 'obwk_travellog_posts_list_bGltaXQ2dHh0cG9zdG5h',\n                ajax_page_no: page_no,\n                shortcode_atts: {\n                limit: '6',\ntxtpostname: '',\najax_request: 'no',\nexcerpt_length: '15',\nno_pagination: '',\ndisplayed_categories: '614',\nuse_load_more_for_results: '',\nblog_travel_report_country: '',\npost_column: 'one-third-column',\nreiseberichte_post_version: '2',\next_class: '',\norder: '',\n                }\n            },\n            success: function(response) {\n                var iBoxHeight = $('#obwk-travellog-posts-list-bGltaXQ2dHh0cG9zdG5h').outerHeight();\n                obwk_travellog_posts_list_bGltaXQ2dHh0cG9zdG5h_response = response;\n                jQuery('#obwk-travellog-posts-list-bGltaXQ2dHh0cG9zdG5h').height(iBoxHeight).find('> div').fadeOut(500, function() {\n                    var $ = jQuery;\n                    var _context = $('#obwk-travellog-posts-list-bGltaXQ2dHh0cG9zdG5h');\n                    if(!obwk_travellog_posts_list_bGltaXQ2dHh0cG9zdG5h_response) return;\n                    _context.empty().append(obwk_travellog_posts_list_bGltaXQ2dHh0cG9zdG5h_response);\n                    obwk_travellog_posts_list_bGltaXQ2dHh0cG9zdG5h_response = null;\n                    $('html, body').animate({\n                        scrollTop: $(\"#obwk-travellog-posts-list-bGltaXQ2dHh0cG9zdG5h\").offset().top-200\n                        }, 800\n                    );                    \n                    setTimeout(\"jQuery('#obwk-travellog-posts-list-bGltaXQ2dHh0cG9zdG5h').css('height','auto')\", 500);\n                });\n                \/*console.log('response: '+obwk_travellog_posts_list_bGltaXQ2dHh0cG9zdG5h_response);*\/\n            }\n        })\n        return false;\n    }\n<\/script>\n        <div style=\"clear: both;\"><\/div>\n    <\/div>[\/vc_column][\/vc_row][\/vc_section]\n<\/div>","protected":false},"excerpt":{"rendered":"Dans sa 85e ann\u00e9e, Hans \u00abHausi\u00bb Leutenegger est en pleine forme. L\u2019entrepreneur \u00e0 succ\u00e8s, champion olympique de bobsleigh et acteur de cin\u00e9ma, parle depuis des ann\u00e9es de ralentir la cadence. Dans les faits, il n\u2019en est rien. Et c\u2019est tant mieux. par KARL WILD* Tourmente ton corps ou c\u2019est lui qui te tourmentera. Nous sommes&hellip;","protected":false},"author":2,"featured_media":0,"parent":59650,"menu_order":0,"comment_status":"closed","ping_status":"closed","template":"","meta":{"_acf_changed":false,"content-type":"","footnotes":""},"class_list":["post-293581","page","type-page","status-publish","hentry","entry","has-media"],"acf":[],"_links":{"self":[{"href":"https:\/\/car-tours.ch\/fr\/wp-json\/wp\/v2\/pages\/293581","targetHints":{"allow":["GET"]}}],"collection":[{"href":"https:\/\/car-tours.ch\/fr\/wp-json\/wp\/v2\/pages"}],"about":[{"href":"https:\/\/car-tours.ch\/fr\/wp-json\/wp\/v2\/types\/page"}],"author":[{"embeddable":true,"href":"https:\/\/car-tours.ch\/fr\/wp-json\/wp\/v2\/users\/2"}],"replies":[{"embeddable":true,"href":"https:\/\/car-tours.ch\/fr\/wp-json\/wp\/v2\/comments?post=293581"}],"version-history":[{"count":4,"href":"https:\/\/car-tours.ch\/fr\/wp-json\/wp\/v2\/pages\/293581\/revisions"}],"predecessor-version":[{"id":295246,"href":"https:\/\/car-tours.ch\/fr\/wp-json\/wp\/v2\/pages\/293581\/revisions\/295246"}],"up":[{"embeddable":true,"href":"https:\/\/car-tours.ch\/fr\/wp-json\/wp\/v2\/pages\/59650"}],"wp:attachment":[{"href":"https:\/\/car-tours.ch\/fr\/wp-json\/wp\/v2\/media?parent=293581"}],"curies":[{"name":"wp","href":"https:\/\/api.w.org\/{rel}","templated":true}]}}