{"id":206851,"date":"2022-11-07T10:42:07","date_gmt":"2022-11-07T09:42:07","guid":{"rendered":"https:\/\/car-tours.ch\/?page_id=206851"},"modified":"2022-11-14T08:18:23","modified_gmt":"2022-11-14T07:18:23","slug":"grands-tours","status":"publish","type":"page","link":"https:\/\/car-tours.ch\/fr\/grands-tours\/","title":{"rendered":"Les grands tours 2023"},"content":{"rendered":"<div class=\"wpb-content-wrapper\">[vc_section el_class=\u00a0\u00bbwk-sektion\u00a0\u00bb][vc_row full_width=\u00a0\u00bbstretch_row_content_no_spaces\u00a0\u00bb css=\u00a0\u00bb.vc_custom_1666947916986{background-image: url(https:\/\/car-tours-holidaypartner-production.rokka.io\/cartours-full\/0472ac13ba9172a989775324d6de2549b55ace05\/norden-lang-2000&#215;400-2.jpg?id=205028) !important;background-position: center !important;background-repeat: no-repeat !important;background-size: cover !important;}\u00a0\u00bb el_class=\u00a0\u00bbwk-header\u00a0\u00bb][vc_column][\/vc_column][\/vc_row][\/vc_section][vc_section el_class=\u00a0\u00bbwk-section\u00a0\u00bb][vc_row][vc_column][vc_column_text]\n<h1>Les grands tours<\/h1>\n<h4>Cap sur nos grands r\u00eaves de voyage<\/h4>\n<p>Voyager c\u2019est aussi quantit\u00e9 d\u2019anecdotes et de souvenirs \u00e0 partager! Et des souvenirs, nul doute que vous en aurez \u00e0 partager apr\u00e8s ces voyages exceptionnels de trois semaines \u00e0 la d\u00e9couverte, sous toutes leurs facettes, des plus belles et fascinantes r\u00e9gions d\u2019Europe. Nous combinons plusieurs destinations et veillons \u00e0 proposer en cours de route des prestations qui permettent de d\u00e9couvrir en profondeur un pays, ses habitants et sa culture. Chaque voyage est unique et sa conception a fait l\u2019objet d\u2019un long travail de recherche par nos professionnels du voyage.[\/vc_column_text][\/vc_column][\/vc_row][\/vc_section][vc_section el_class=\u00a0\u00bbwk-section\u00a0\u00bb][vc_row][vc_column][vc_column_text css=\u00a0\u00bb.vc_custom_1591602415535{border-bottom-width: 3px !important;padding-top: 10px !important;padding-bottom: 10px !important;border-bottom-color: #fade03 !important;border-bottom-style: solid !important;}\u00a0\u00bb][\/vc_column_text][vc_empty_space height=\u00a0\u00bb20px\u00a0\u00bb]\n        <div class=\"tour-data-sc-events-list\">\n            \n    <div id=\"wk-dt_events_list-0-06133900-1775411372\" class=\"wk-dt_events_list \" style=\"\">\n        Pour le moment, nous n\u2019avons pas d\u2019offres actuelles pour cette destination. <a href=\"https:\/\/car-tours.ch\/fr\/offres\/\">Pour voir tous les offres, cliquez ici<\/a>\n        <div class=\"clear\"><\/div>\n    <\/div><script type=\"text\/javascript\">\n  var wk_events_list_change_results_page_0_06133900_1775411372_response = null;\n\n  function wk_events_list_reset_search_results_0_06133900_1775411372() {\n    var fm = 'form#by_country_frmeventsearch_0_06133900_1775411372';\n    jQuery( fm + ' select[name=\"cmbtourmonth\"]' ).val( '' );\n    jQuery( fm + ' input[name=\"txteventname\"]' ).val( '' );\n    jQuery( fm + ' input#frmeventsearch-events-from-country-submit-btn' ).click();\n  }\n\n  function wk_events_list_change_results_page_0_06133900_1775411372( page_no ) {\n    var $            = jQuery;\n    var cmbtourmonth = $( 'form#by_country_frmeventsearch_0_06133900_1775411372 select[name=\"cmbtourmonth\"]' ).val();\n    var txteventname = $( 'form#by_country_frmeventsearch_0_06133900_1775411372 input[name=\"txteventname\"]' ).val();\n\n    var dt_events_list_width  = $( '#wk-dt_events_list-0-06133900-1775411372' ).width();\n    var dt_events_list_height = $( '#wk-dt_events_list-0-06133900-1775411372' ).height();\n    $( '#wk-dt_events_list-0-06133900-1775411372' ).append( '<div class=\"ajax-loading-layer\"><\/div>' );\n    $( '#wk-dt_events_list-0-06133900-1775411372' ).find( '> .ajax-loading-layer' ).css( {\n      height: dt_events_list_height + 'px',\n      width: dt_events_list_width + 'px'\n    } ).append(\n      '<img class=\"ajax-loading-img\" src=\"\/wp-content\/themes\/total-child-theme\/images\/fancybox\/fancybox_loading-v4.png\" \/>'\n    ).fadeIn().css( { display: 'flex' } );\n    $.ajax( {\n      url: obwk_ajaxurl,   \/* look to functions.php file *\/\n      dataType: 'html',\n      data: {\n        action: 'get_frmeventsearch_events_from_country',\n        \/*displayed_countries: 'all',*\/\n        by_country_cmbtourmonth: cmbtourmonth,\n        by_country_txteventname: txteventname,\n        display_as_carousel: '',\n        shortcode_unique_id: '0-06133900-1775411372',\n        empty_results_redirection_webpage_id: '',\n        handling_top_angebote_tours: '',\n        handling_priority_tours: '',\n        displayed_categories: '569',\n        exclude_categories: '',\n        displayed_tours_ids: '',\n        limit: '21',\n        ajax_page_no: page_no\n      },\n      success: function( response ) {\n        var iBoxHeight                                                                                 = $( '#wk-dt_events_list-0-06133900-1775411372' ).outerHeight();\n        wk_events_list_change_results_page_0_06133900_1775411372_response = response;\n        jQuery( '#wk-dt_events_list-0-06133900-1775411372' ).height( iBoxHeight ).find( '> div' ).fadeOut( 500, function() {\n          var $        = jQuery;\n          var _context = $( '#wk-dt_events_list-0-06133900-1775411372' );\n          if ( !wk_events_list_change_results_page_0_06133900_1775411372_response ) return;\n          \/*console.log('response_load_results: '+wk_events_list_change_results_page_0_06133900_1775411372_response);*\/\n          _context.empty().append( wk_events_list_change_results_page_0_06133900_1775411372_response );\n          wk_events_list_change_results_page_0_06133900_1775411372_response = null;\n\n\t\t            $( 'html, body' ).animate( {\n              scrollTop: $( \"#wk-dt_events_list-0-06133900-1775411372\" ).offset().top - 200\n            }, 800\n          );\n          setTimeout( \"jQuery('#wk-dt_events_list-0-06133900-1775411372').css('height','auto')\", 500 );\n\t\t          } );\n        \/*console.log('response: '+wk_events_list_change_results_page_0_06133900_1775411372_response);*\/\n      }\n    } );\n    return false;\n  }\n\n  jQuery( document ).ready( function( $ ) {\n    var get_var_cmbtourmonth = '';\n    var get_var_txteventname = '';\n    \/*console.log('mytheme_urls.ajaxurl: '+mytheme_urls.ajaxurl);*\/\n    $( '#frmeventsearch-events-from-country-submit-btn' ).click( function( e ) {\n      e.preventDefault();\n      wk_events_list_change_results_page_0_06133900_1775411372( 1 );\n    } );\n\n    if ( get_var_cmbtourmonth != '' || get_var_txteventname != '' ) {\n      \/* Thanks to that e.g. that link will work: https:\/\/car-tours.ch\/busreisen-nach-italien\/?txteventname=mailand *\/\n      $( '#frmeventsearch-events-from-country-submit-btn' ).trigger( 'click' );\n    }\n  } );\n<\/script>\n        <\/div>[\/vc_column][\/vc_row][\/vc_section][vc_section el_class=\u00a0\u00bbwk-section\u00a0\u00bb css=\u00a0\u00bb.vc_custom_1573564054486{margin-top: 0px !important;padding-bottom: 0px !important;}\u00a0\u00bb][\/vc_section][vc_section el_class=\u00a0\u00bbwk-section\u00a0\u00bb css=\u00a0\u00bb.vc_custom_1573214010237{margin-bottom: 0px !important;}\u00a0\u00bb][vc_row full_width=\u00a0\u00bbstretch_row\u00a0\u00bb el_class=\u00a0\u00bbwk-imagesection\u00a0\u00bb css=\u00a0\u00bb.vc_custom_1666791364884{background-image: url(https:\/\/car-tours-holidaypartner-production.rokka.io\/cartours-full\/e26a541e6ca32e649d9dd9b6f6b1873d54420fce\/600&#215;400-schlagersterne-mallorca.png?id=197109) !important;background-position: center !important;background-repeat: no-repeat !important;background-size: cover !important;}\u00a0\u00bb visibility=\u00a0\u00bbhidden\u00a0\u00bb][vc_column][\/vc_column][\/vc_row][\/vc_section]\n<\/div>","protected":false},"excerpt":{"rendered":"<p>[vc_section el_class=\u00a0\u00bbwk-sektion\u00a0\u00bb][vc_row full_width=\u00a0\u00bbstretch_row_content_no_spaces\u00a0\u00bb css=\u00a0\u00bb.vc_custom_1666947916986{background-image: url(https:\/\/car-tours-holidaypartner-production.rokka.io\/cartours-full\/0472ac13ba9172a989775324d6de2549b55ace05\/norden-lang-2000&#215;400-2.jpg?id=205028) !important;background-position: center !important;background-repeat: no-repeat !important;background-size: cover !important;}\u00a0\u00bb el_class=\u00a0\u00bbwk-header\u00a0\u00bb][vc_column][\/vc_column][\/vc_row][\/vc_section][vc_section el_class=\u00a0\u00bbwk-section\u00a0\u00bb][vc_row][vc_column][vc_column_text] Les grands tours Cap sur nos grands r\u00eaves de voyage Voyager c\u2019est aussi quantit\u00e9 d\u2019anecdotes et de souvenirs \u00e0 partager! Et des souvenirs, nul doute que vous en aurez \u00e0 partager apr\u00e8s ces voyages exceptionnels de trois semaines \u00e0 la d\u00e9couverte,&hellip;<\/p>\n","protected":false},"author":19,"featured_media":0,"parent":0,"menu_order":0,"comment_status":"closed","ping_status":"closed","template":"","meta":{"_acf_changed":false,"content-type":"","footnotes":""},"class_list":["post-206851","page","type-page","status-publish","hentry","entry","no-media"],"acf":[],"_links":{"self":[{"href":"https:\/\/car-tours.ch\/fr\/wp-json\/wp\/v2\/pages\/206851","targetHints":{"allow":["GET"]}}],"collection":[{"href":"https:\/\/car-tours.ch\/fr\/wp-json\/wp\/v2\/pages"}],"about":[{"href":"https:\/\/car-tours.ch\/fr\/wp-json\/wp\/v2\/types\/page"}],"author":[{"embeddable":true,"href":"https:\/\/car-tours.ch\/fr\/wp-json\/wp\/v2\/users\/19"}],"replies":[{"embeddable":true,"href":"https:\/\/car-tours.ch\/fr\/wp-json\/wp\/v2\/comments?post=206851"}],"version-history":[{"count":5,"href":"https:\/\/car-tours.ch\/fr\/wp-json\/wp\/v2\/pages\/206851\/revisions"}],"predecessor-version":[{"id":209512,"href":"https:\/\/car-tours.ch\/fr\/wp-json\/wp\/v2\/pages\/206851\/revisions\/209512"}],"wp:attachment":[{"href":"https:\/\/car-tours.ch\/fr\/wp-json\/wp\/v2\/media?parent=206851"}],"curies":[{"name":"wp","href":"https:\/\/api.w.org\/{rel}","templated":true}]}}