{"id":106922,"date":"2020-06-04T09:45:16","date_gmt":"2020-06-04T07:45:16","guid":{"rendered":"https:\/\/car-tours.ch\/?page_id=106922"},"modified":"2024-01-17T11:24:04","modified_gmt":"2024-01-17T10:24:04","slug":"histoires-et-anecdotes","status":"publish","type":"page","link":"https:\/\/car-tours.ch\/fr\/blog-de-voyage\/histoires-et-anecdotes\/","title":{"rendered":"Histoires &#038; anecdotes"},"content":{"rendered":"<div class=\"wpb-content-wrapper\">[vc_row][vc_column]<div class=\"templatera_shortcode wk-header-outer-box\"><style type=\"text\/css\" data-type=\"vc_shortcodes-custom-css\">.vc_custom_1750661462089{background-image: url(https:\/\/car-tours.ch\/wp-content\/uploads\/2021\/06\/Blog_Titelbild_Furka_full.jpg?id=333696) !important;background-position: center !important;background-repeat: no-repeat !important;background-size: cover !important;}<\/style><div class=\"vc_section wk-header vc_custom_1750661462089 wpex-vc-full-width-section wpex-vc-full-width-section--centered wpex-relative wpex-vc_section-has-fill wpex-vc-reset-negative-margin\" style=\"background-position:top left!important;\"><\/div><div class=\"vc_row wpb_row vc_row-fluid wk-searchform-box-on-banner wpex-vc-full-width-row wpex-vc-full-width-row--no-padding wpex-relative\" style=\"background-position:top center!important;\"><div class=\"wpb_column vc_column_container vc_col-sm-12\"><div class=\"vc_column-inner\"><div class=\"wpb_wrapper\">\n    <div class=\"wk-header-outer-box\">\n        <div id=\"cartours-events-searchform\" class=\"cartours-events-searchform\">\n            <div class=\"search-container type2\">\n  <div class=\"container\">\n    <div class=\"dt-sc-tabs-container\">\n      <div class=\"dt-sc-tabs-frame-content\">          <form name=\"frm_blog_posts_search\" class=\"frm-blog-posts-search\" action=\"https:\/\/car-tours.ch\/fr\/blog-de-voyage\/travelogues-resultats-de-la-recherche\/\" method=\"get\">\n\t\t\t            <p class=\"frmeventsearch-cmb_blogtravel_trip_year\">\n              <span class=\"selection-box\">\n                  <select name=\"cmb_tour_year\">\n                      <option value=\"\">Ann\u00e9e<\/option>\n                      <option value='2025'  >2025<\/option><option value='2024'  >2024<\/option><option value='2023'  >2023<\/option><option value='2022'  >2022<\/option><option value='2021'  >2021<\/option><option value='2020'  >2020<\/option><option value='2019'  >2019<\/option><option value='2018'  >2018<\/option><option value='2017'  >2017<\/option><option value='2016'  >2016<\/option>                  <\/select>\n              <\/span>\n            <\/p>\n            <p class=\"frmeventsearch-cmb_blogtravel_trip_month\">\n              <span class=\"selection-box\">\n                  <select name=\"cmb_tour_month\">\n                      <option value=\"\">Le mois<\/option>\n                      <option value='01'  >janvier<\/option><option value='02'  >f\u00e9vrier<\/option><option value='04'  >avril<\/option><option value='06'  >juin<\/option><option value='07'  >juillet<\/option><option value='08'  >ao\u00fbt<\/option><option value='09'  >septembre<\/option><option value='10'  >octobre<\/option><option value='11'  >novembre<\/option><option value='12'  >d\u00e9cembre<\/option><option value='03'  >mars<\/option><option value='05'  >avril<\/option>                  <\/select>\n              <\/span>\n            <\/p>\n            <p class=\"frm_blog_posts_search-cmbtourcountry\">\n              <span class=\"selection-box\">\n                  <select name=\"cmbtourcountry\">\n                      <option value=\"\">pays \/ r\u00e9gion<\/option>\n                      <option value='Allemagne'  >Allemagne<\/option><option value='Andorre'  >Andorre<\/option><option value='Angleterre'  >Angleterre<\/option><option value='Autriche'  >Autriche<\/option><option value='Belgique'  >Belgique<\/option><option value='Croatie'  >Croatie<\/option><option value='Deutschland'  >Deutschland<\/option><option value='Ecosse'  >Ecosse<\/option><option value='Espagne'  >Espagne<\/option><option value='Finlande'  >Finlande<\/option><option value='France'  >France<\/option><option value='Grande-Bretagne'  >Grande-Bretagne<\/option><option value='Greece'  >Greece<\/option><option value='Gr\u00e8ce'  >Gr\u00e8ce<\/option><option value='Hollande'  >Hollande<\/option><option value='Hongrie, Autriche & Tch\u00e9quie'  >Hongrie, Autriche & Tch\u00e9quie<\/option><option value='Hongrie, Autriche, Allemagne'  >Hongrie, Autriche, Allemagne<\/option><option value='Irlande'  >Irlande<\/option><option value='Islande'  >Islande<\/option><option value='Italie'  >Italie<\/option><option value='Italie & France'  >Italie & France<\/option><option value='Italien'  >Italien<\/option><option value='Jordanie'  >Jordanie<\/option><option value='Kroatien'  >Kroatien<\/option><option value='Luxembourg'  >Luxembourg<\/option><option value='Norv\u00e8ge'  >Norv\u00e8ge<\/option><option value='Pays-Bas'  >Pays-Bas<\/option><option value='Portugal'  >Portugal<\/option><option value='Russie'  >Russie<\/option><option value='Scandinavie'  >Scandinavie<\/option><option value='Suisse'  >Suisse<\/option><option value='Tch\u00e8que'  >Tch\u00e8que<\/option><option value='Tch\u00e9quie'  >Tch\u00e9quie<\/option><option value='Tch\u00e9quie, Hongrie & Autriche'  >Tch\u00e9quie, Hongrie & Autriche<\/option>                  <\/select>\n              <\/span>\n            <\/p>\n            <p class=\"frm_blog_posts_search-txtpostname\">\n              <span class=\"wk-or-word\">ou<\/span>\n              <span class=\"wk-searchtext-field\">\n                <input type=\"text\" name=\"txtpostname\" title=\"Entrer un mot-cl\u00e9\" placeholder=\"Entrer un mot-cl\u00e9\" value=\"\"\/>\n              <\/span>\n            <\/p>\n            <div class=\"frm_blog_posts_search-subsearch\">\n              <input class=\"red\" name=\"subsearch\" type=\"submit\" value=\"Lancer la recherche\"\/>\n            <\/div>\n          <\/form>\n\t\t        <\/div>\n      <div style=\"clear: both;\"><\/div>\n    <\/div>\n    <div style=\"clear: both;\"><\/div>\n  <\/div>\n<\/div>\n\n        <\/div>\n    <\/div><\/div><\/div><\/div><\/div><\/div>[\/vc_column][\/vc_row][vc_section el_class=\u00a0\u00bbwk-section\u00a0\u00bb][vc_row column_spacing=\u00a0\u00bb0px\u00a0\u00bb][vc_column][vc_column_text]\n<h1>Histoires &amp; anecdotes<\/h1>\n[\/vc_column_text][\/vc_column][\/vc_row][\/vc_section][vc_section el_class=\u00a0\u00bbwk-section\u00a0\u00bb][vc_row][vc_column]\n    <div id=\"obwk-travellog-posts-list-bGltaXQ2dHh0cG9zdG5h\" class=\"obwk-travellog-posts-list  reiseberichte-post-v2\">\n        <div id=\"post-362065\" class=\"blog-report-box column dt-sc-one-third first \">\n  <div class=\"dt-sc-event\">\n    <div class=\"event-thumb cartours-functions-file\">\n      <a href=\"https:\/\/car-tours.ch\/fr\/la-ou-le-temps-s-ecoule-differemment\/\" title=\"L\u00e0 o\u00f9 le temps s\u2019\u00e9coule diff\u00e9remment\">\n\t\t<img width=\"800\" height=\"600\" src=\"https:\/\/car-tours-holidaypartner-production.rokka.io\/cartours-full\/499b311663c50fb92ada3ca082ee05fcf7fc0c49\/waldhaus-800x600-1.jpg\" class=\"attachment-posts-threecol size-posts-threecol wp-post-image\" alt=\"\" title=\"L\u00e0 o\u00f9 le temps s\u2019\u00e9coule diff\u00e9remment\" srcset=\"https:\/\/car-tours-holidaypartner-production.rokka.io\/cartours-full\/499b311663c50fb92ada3ca082ee05fcf7fc0c49\/waldhaus-800x600-1.jpg 800w, https:\/\/car-tours-holidaypartner-production.rokka.io\/cartours-medium\/499b311663c50fb92ada3ca082ee05fcf7fc0c49\/waldhaus-800x600-1-300x225.jpg 300w, https:\/\/car-tours-holidaypartner-production.rokka.io\/cartours-medium_large\/499b311663c50fb92ada3ca082ee05fcf7fc0c49\/waldhaus-800x600-1-768x576.jpg 768w\" sizes=\"(max-width: 800px) 100vw, 800px\">        <div class=\"image-overlay\">\n          <span class=\"image-overlay-inside\"><\/span>\n        <\/div>\n      <\/a>\n    <\/div>\n    <div class=\"dt-sc-event-content\">\n\t        <h4><a href=\"https:\/\/car-tours.ch\/fr\/la-ou-le-temps-s-ecoule-differemment\/\">L\u00e0 o\u00f9 le temps s\u2019\u00e9coule diff\u00e9remment<\/a><\/h4>\n\t  <p>L\u00e0 o\u00f9 le temps s\u2019\u00e9coule diff\u00e9remment<\/p>      <div class=\"dt-sc-event-detail\">\n\t\t          <div class=\"dt-sc-event-date\">\n\t\t\t13 janvier 2026          <\/div>\n\t\t        <a href=\"https:\/\/car-tours.ch\/fr\/la-ou-le-temps-s-ecoule-differemment\/\" class=\"dt-sc-button too-small\">lire maintenant<\/a>\n      <\/div>\n      <div style=\"clear: both;\"><\/div>\n    <\/div>\n  <\/div>\n<\/div>\n<div id=\"post-362070\" class=\"blog-report-box column dt-sc-one-third\">\n  <div class=\"dt-sc-event\">\n    <div class=\"event-thumb cartours-functions-file\">\n      <a href=\"https:\/\/car-tours.ch\/fr\/eviter-les-faux-pas\/\" title=\"Eviter les faux pas\">\n\t\t<img width=\"800\" height=\"600\" src=\"https:\/\/car-tours.ch\/wp-content\/uploads\/2025\/12\/Begruessung-800x600-1.jpg\" class=\"attachment-posts-threecol size-posts-threecol wp-post-image\" alt=\"\" title=\"Eviter les faux pas\" srcset=\"https:\/\/car-tours.ch\/wp-content\/uploads\/2025\/12\/Begruessung-800x600-1.jpg 800w, https:\/\/car-tours.ch\/wp-content\/uploads\/2025\/12\/Begruessung-800x600-1-300x225.jpg 300w, https:\/\/car-tours.ch\/wp-content\/uploads\/2025\/12\/Begruessung-800x600-1-768x576.jpg 768w\" sizes=\"(max-width: 800px) 100vw, 800px\">        <div class=\"image-overlay\">\n          <span class=\"image-overlay-inside\"><\/span>\n        <\/div>\n      <\/a>\n    <\/div>\n    <div class=\"dt-sc-event-content\">\n\t        <h4><a href=\"https:\/\/car-tours.ch\/fr\/eviter-les-faux-pas\/\">Eviter les faux pas<\/a><\/h4>\n\t  <p>Les comportements varient d\u2019un pays \u00e0 l\u2019autre. Avant de partir en voyage, surtout hors d\u2019Europe, il est recommand\u00e9 de se familiariser avec les coutumes et usages locaux.<\/p>      <div class=\"dt-sc-event-detail\">\n\t\t          <div class=\"dt-sc-event-date\">\n\t\t\t13 janvier 2026          <\/div>\n\t\t        <a href=\"https:\/\/car-tours.ch\/fr\/eviter-les-faux-pas\/\" class=\"dt-sc-button too-small\">lire maintenant<\/a>\n      <\/div>\n      <div style=\"clear: both;\"><\/div>\n    <\/div>\n  <\/div>\n<\/div>\n<div id=\"post-344444\" class=\"blog-report-box column dt-sc-one-third\">\n  <div class=\"dt-sc-event\">\n    <div class=\"event-thumb cartours-functions-file\">\n      <a href=\"https:\/\/car-tours.ch\/fr\/anecdotes-autour-du-voyage\/\" title=\"Anecdotes autour du voyage\">\n\t\t<img width=\"800\" height=\"600\" src=\"https:\/\/car-tours.ch\/wp-content\/uploads\/2025\/06\/Anekdoten-aus-der-Reisewelt_TOP.jpg\" class=\"attachment-posts-threecol size-posts-threecol wp-post-image\" alt=\"\" title=\"Anecdotes autour du voyage\" srcset=\"https:\/\/car-tours.ch\/wp-content\/uploads\/2025\/06\/Anekdoten-aus-der-Reisewelt_TOP.jpg 800w, https:\/\/car-tours.ch\/wp-content\/uploads\/2025\/06\/Anekdoten-aus-der-Reisewelt_TOP-300x225.jpg 300w, https:\/\/car-tours.ch\/wp-content\/uploads\/2025\/06\/Anekdoten-aus-der-Reisewelt_TOP-768x576.jpg 768w\" sizes=\"(max-width: 800px) 100vw, 800px\">        <div class=\"image-overlay\">\n          <span class=\"image-overlay-inside\"><\/span>\n        <\/div>\n      <\/a>\n    <\/div>\n    <div class=\"dt-sc-event-content\">\n\t        <h4><a href=\"https:\/\/car-tours.ch\/fr\/anecdotes-autour-du-voyage\/\">Anecdotes autour du voyage<\/a><\/h4>\n\t  <p>Voyager entra\u00eene in\u00e9vitablement des situations et anecdotes qui pr\u00eatent \u00e0 rire ou \u00e0 sourire. Ainsi, ne pas ma\u00eetriser parfaitement la langue locale peut conduire \u00e0 de surprenants malentendus, alors que les diff\u00e9rences culturelles nous font parfois commettre de dr\u00f4les d\u2019impairs.<\/p>      <div class=\"dt-sc-event-detail\">\n\t\t          <div class=\"dt-sc-event-date\">\n\t\t\t6 juin 2025          <\/div>\n\t\t        <a href=\"https:\/\/car-tours.ch\/fr\/anecdotes-autour-du-voyage\/\" class=\"dt-sc-button too-small\">lire maintenant<\/a>\n      <\/div>\n      <div style=\"clear: both;\"><\/div>\n    <\/div>\n  <\/div>\n<\/div>\n<div id=\"post-344349\" class=\"blog-report-box column dt-sc-one-third first \">\n  <div class=\"dt-sc-event\">\n    <div class=\"event-thumb cartours-functions-file\">\n      <a href=\"https:\/\/car-tours.ch\/fr\/des-petits-et-grands-agacements\/\" title=\"Des petits et grands agacements\">\n\t\t<img width=\"800\" height=\"600\" src=\"https:\/\/car-tours.ch\/wp-content\/uploads\/2025\/06\/Von-groesseren-und-kleineren-Aergernissen_TOP.jpg\" class=\"attachment-posts-threecol size-posts-threecol wp-post-image\" alt=\"\" title=\"Des petits et grands agacements\" srcset=\"https:\/\/car-tours.ch\/wp-content\/uploads\/2025\/06\/Von-groesseren-und-kleineren-Aergernissen_TOP.jpg 800w, https:\/\/car-tours.ch\/wp-content\/uploads\/2025\/06\/Von-groesseren-und-kleineren-Aergernissen_TOP-300x225.jpg 300w, https:\/\/car-tours.ch\/wp-content\/uploads\/2025\/06\/Von-groesseren-und-kleineren-Aergernissen_TOP-768x576.jpg 768w\" sizes=\"(max-width: 800px) 100vw, 800px\">        <div class=\"image-overlay\">\n          <span class=\"image-overlay-inside\"><\/span>\n        <\/div>\n      <\/a>\n    <\/div>\n    <div class=\"dt-sc-event-content\">\n\t        <h4><a href=\"https:\/\/car-tours.ch\/fr\/des-petits-et-grands-agacements\/\">Des petits et grands agacements<\/a><\/h4>\n\t  <p>Qu\u2019est-ce qui fait vraiment un bon h\u00f4tel ?\r\nCe ne sont certainement pas les vieilles rengaines de pseudo-experts qui pr\u00e9sentent \u00ab l\u2019individualit\u00e9 \u00bb et le \u00ab bien-\u00eatre \u00bb comme des tendances r\u00e9volutionnaires. Ce qui compte r\u00e9ellement, c\u2019est une v\u00e9ritable hospitalit\u00e9, des fondamentaux qui fonctionnent \u2013 et l\u2019absence de d\u00e9tails irritants, comme les cintres antivol ou les douches install\u00e9es dans des baignoires. Une critique divertissante et ac\u00e9r\u00e9e des clich\u00e9s de l\u2019h\u00f4tellerie et des agacements \u00e9vitables.<\/p>      <div class=\"dt-sc-event-detail\">\n\t\t          <div class=\"dt-sc-event-date\">\n\t\t\t5 juin 2025          <\/div>\n\t\t        <a href=\"https:\/\/car-tours.ch\/fr\/des-petits-et-grands-agacements\/\" class=\"dt-sc-button too-small\">lire maintenant<\/a>\n      <\/div>\n      <div style=\"clear: both;\"><\/div>\n    <\/div>\n  <\/div>\n<\/div>\n<div id=\"post-332341\" class=\"blog-report-box column dt-sc-one-third\">\n  <div class=\"dt-sc-event\">\n    <div class=\"event-thumb cartours-functions-file\">\n      <a href=\"https:\/\/car-tours.ch\/fr\/de-droles-de-coutumes\/\" title=\"De dr\u00f4les de coutumes\">\n\t\t<img width=\"800\" height=\"600\" src=\"https:\/\/car-tours.ch\/wp-content\/uploads\/2025\/01\/Japan-800x600-1.jpg\" class=\"attachment-posts-threecol size-posts-threecol wp-post-image\" alt=\"\" title=\"De dr\u00f4les de coutumes\" srcset=\"https:\/\/car-tours.ch\/wp-content\/uploads\/2025\/01\/Japan-800x600-1.jpg 800w, https:\/\/car-tours.ch\/wp-content\/uploads\/2025\/01\/Japan-800x600-1-300x225.jpg 300w, https:\/\/car-tours.ch\/wp-content\/uploads\/2025\/01\/Japan-800x600-1-768x576.jpg 768w\" sizes=\"(max-width: 800px) 100vw, 800px\">        <div class=\"image-overlay\">\n          <span class=\"image-overlay-inside\"><\/span>\n        <\/div>\n      <\/a>\n    <\/div>\n    <div class=\"dt-sc-event-content\">\n\t        <h4><a href=\"https:\/\/car-tours.ch\/fr\/de-droles-de-coutumes\/\">De dr\u00f4les de coutumes<\/a><\/h4>\n\t  <p>En Europe ou dans des destinations plus lointaines, les us et coutumes diff\u00e8rent d\u2019un pays \u00e0 l\u2019autre - et nous paraissent parfois \u00e9tranges. Petit aper\u00e7u des r\u00e8gles insolites \u00e0 travers le monde.<\/p>      <div class=\"dt-sc-event-detail\">\n\t\t          <div class=\"dt-sc-event-date\">\n\t\t\t14 janvier 2025          <\/div>\n\t\t        <a href=\"https:\/\/car-tours.ch\/fr\/de-droles-de-coutumes\/\" class=\"dt-sc-button too-small\">lire maintenant<\/a>\n      <\/div>\n      <div style=\"clear: both;\"><\/div>\n    <\/div>\n  <\/div>\n<\/div>\n<div id=\"post-332354\" class=\"blog-report-box column dt-sc-one-third\">\n  <div class=\"dt-sc-event\">\n    <div class=\"event-thumb cartours-functions-file\">\n      <a href=\"https:\/\/car-tours.ch\/fr\/curiosites-du-monde-du-voyage\/\" title=\"Curiosit\u00e9s du monde du voyage\">\n\t\t<img width=\"800\" height=\"600\" src=\"https:\/\/car-tours.ch\/wp-content\/uploads\/2025\/01\/Kurioses-aus-der-Reisewelt.jpg\" class=\"attachment-posts-threecol size-posts-threecol wp-post-image\" alt=\"\" title=\"Curiosit\u00e9s du monde du voyage\" srcset=\"https:\/\/car-tours.ch\/wp-content\/uploads\/2025\/01\/Kurioses-aus-der-Reisewelt.jpg 800w, https:\/\/car-tours.ch\/wp-content\/uploads\/2025\/01\/Kurioses-aus-der-Reisewelt-300x225.jpg 300w, https:\/\/car-tours.ch\/wp-content\/uploads\/2025\/01\/Kurioses-aus-der-Reisewelt-768x576.jpg 768w\" sizes=\"(max-width: 800px) 100vw, 800px\">        <div class=\"image-overlay\">\n          <span class=\"image-overlay-inside\"><\/span>\n        <\/div>\n      <\/a>\n    <\/div>\n    <div class=\"dt-sc-event-content\">\n\t        <h4><a href=\"https:\/\/car-tours.ch\/fr\/curiosites-du-monde-du-voyage\/\">Curiosit\u00e9s du monde du voyage<\/a><\/h4>\n\t  <p>Voyager, c\u2019est aussi vivre ou assister \u00e0 toutes sortes d\u2019\u00e9v\u00e9nements insolites et autres bizarreries. Mais quelle que soit la nature de ces incidents, les voyages n\u2019en sont que plus m\u00e9morables. Les personnes qui ont v\u00e9cu les m\u00e9saventures suivantes ne sont pas pr\u00eates de les oublier.<\/p>      <div class=\"dt-sc-event-detail\">\n\t\t          <div class=\"dt-sc-event-date\">\n\t\t\t14 janvier 2025          <\/div>\n\t\t        <a href=\"https:\/\/car-tours.ch\/fr\/curiosites-du-monde-du-voyage\/\" class=\"dt-sc-button too-small\">lire maintenant<\/a>\n      <\/div>\n      <div style=\"clear: both;\"><\/div>\n    <\/div>\n  <\/div>\n<\/div>\n    <div class=\"pagination blog-pagination\">\n\t<ul><li class='active-page'>1<\/li><li><a href='javascript: \/\/nop' onclick='obwk_travellog_posts_list_bGltaXQ2dHh0cG9zdG5h(2)'>2<\/a><\/li><li><a href='javascript: \/\/nop' onclick='obwk_travellog_posts_list_bGltaXQ2dHh0cG9zdG5h(3)'>3<\/a><\/li><li><a href='javascript: \/\/nop' onclick='obwk_travellog_posts_list_bGltaXQ2dHh0cG9zdG5h(4)'>4<\/a><\/li><li><a href='javascript: \/\/nop' onclick='obwk_travellog_posts_list_bGltaXQ2dHh0cG9zdG5h(5)'>5<\/a><\/li><li><a href='javascript: \/\/nop' onclick='obwk_travellog_posts_list_bGltaXQ2dHh0cG9zdG5h(6)'>6<\/a><\/li><li><a href='javascript: \/\/nop' onclick='obwk_travellog_posts_list_bGltaXQ2dHh0cG9zdG5h(7)'>7<\/a><\/li><li><a href='javascript: \/\/nop' onclick='obwk_travellog_posts_list_bGltaXQ2dHh0cG9zdG5h(8)'>8<\/a><\/li><li><a href='javascript: \/\/nop' onclick='obwk_travellog_posts_list_bGltaXQ2dHh0cG9zdG5h(9)'>9<\/a><\/li><li><a href='javascript: \/\/nop' onclick='obwk_travellog_posts_list_bGltaXQ2dHh0cG9zdG5h(10)'>10<\/a><\/li><\/ul><a class='next-post' href='javascript: \/\/nop' onclick='obwk_travellog_posts_list_bGltaXQ2dHh0cG9zdG5h(2)'>Suivante<span class='fa fa-angle-right'><\/span><\/a>    <\/div><script type=\"text\/javascript\">\n    var obwk_travellog_posts_list_bGltaXQ2dHh0cG9zdG5h_response = null;\n    function obwk_travellog_posts_list_bGltaXQ2dHh0cG9zdG5h(page_no) {\n        var $ = jQuery;\n        \n        var dt_posts_list_width = $('#obwk-travellog-posts-list-bGltaXQ2dHh0cG9zdG5h').width();\n        var dt_posts_list_height = $('#obwk-travellog-posts-list-bGltaXQ2dHh0cG9zdG5h').height();\n        $('#obwk-travellog-posts-list-bGltaXQ2dHh0cG9zdG5h').append('<div class=\"ajax-loading-layer\"><\/div>');\n        $('#obwk-travellog-posts-list-bGltaXQ2dHh0cG9zdG5h').find('> .ajax-loading-layer').css({\n            height: dt_posts_list_height+'px',\n            width: dt_posts_list_width+'px'\n        }).append(\n            '<img class=\"ajax-loading-img\" src=\"\/wp-content\/themes\/total-child-theme\/images\/fancybox\/fancybox_loading-v4.png\" \/>'\n        ).fadeIn().css({display: 'flex'});\n        $.ajax({\n            url: obwk_ajaxurl,   \/* look to functions.php file *\/\n            dataType: 'html',\n            data: {\n                action: 'get_reiseberichte_blog_posts_page',\n                shortcode_unique_id_callback_func: 'obwk_travellog_posts_list_bGltaXQ2dHh0cG9zdG5h',\n                ajax_page_no: page_no,\n                shortcode_atts: {\n                limit: '6',\ntxtpostname: '',\najax_request: 'no',\nexcerpt_length: '15',\nno_pagination: '',\ndisplayed_categories: 'histoires-et-anecdotes',\nuse_load_more_for_results: '',\nblog_travel_report_country: '',\npost_column: 'one-third-column',\nreiseberichte_post_version: '2',\next_class: '',\norder: '',\n                }\n            },\n            success: function(response) {\n                var iBoxHeight = $('#obwk-travellog-posts-list-bGltaXQ2dHh0cG9zdG5h').outerHeight();\n                obwk_travellog_posts_list_bGltaXQ2dHh0cG9zdG5h_response = response;\n                jQuery('#obwk-travellog-posts-list-bGltaXQ2dHh0cG9zdG5h').height(iBoxHeight).find('> div').fadeOut(500, function() {\n                    var $ = jQuery;\n                    var _context = $('#obwk-travellog-posts-list-bGltaXQ2dHh0cG9zdG5h');\n                    if(!obwk_travellog_posts_list_bGltaXQ2dHh0cG9zdG5h_response) return;\n                    _context.empty().append(obwk_travellog_posts_list_bGltaXQ2dHh0cG9zdG5h_response);\n                    obwk_travellog_posts_list_bGltaXQ2dHh0cG9zdG5h_response = null;\n                    $('html, body').animate({\n                        scrollTop: $(\"#obwk-travellog-posts-list-bGltaXQ2dHh0cG9zdG5h\").offset().top-200\n                        }, 800\n                    );                    \n                    setTimeout(\"jQuery('#obwk-travellog-posts-list-bGltaXQ2dHh0cG9zdG5h').css('height','auto')\", 500);\n                });\n                \/*console.log('response: '+obwk_travellog_posts_list_bGltaXQ2dHh0cG9zdG5h_response);*\/\n            }\n        })\n        return false;\n    }\n<\/script>\n        <div style=\"clear: both;\"><\/div>\n    <\/div>[\/vc_column][\/vc_row][\/vc_section]\n<\/div>","protected":false},"excerpt":{"rendered":"Voyager, c\u2019est aussi vivre ou assister \u00e0 toutes sortes d\u2019\u00e9v\u00e9nements insolites et autres bizarreries. Mais quelle que soit la nature de ces incidents, les voyages n\u2019en sont que plus m\u00e9morables. Les personnes qui ont v\u00e9cu les m\u00e9saventures suivantes ne sont pas pr\u00eates de les oublier. Ce n\u2019\u00e9tait pas la porte des WC Voler n\u2019est pas&hellip;","protected":false},"author":1,"featured_media":0,"parent":59650,"menu_order":0,"comment_status":"closed","ping_status":"closed","template":"","meta":{"_acf_changed":false,"content-type":"","footnotes":""},"class_list":["post-106922","page","type-page","status-publish","hentry","entry","has-media"],"acf":[],"_links":{"self":[{"href":"https:\/\/car-tours.ch\/fr\/wp-json\/wp\/v2\/pages\/106922","targetHints":{"allow":["GET"]}}],"collection":[{"href":"https:\/\/car-tours.ch\/fr\/wp-json\/wp\/v2\/pages"}],"about":[{"href":"https:\/\/car-tours.ch\/fr\/wp-json\/wp\/v2\/types\/page"}],"author":[{"embeddable":true,"href":"https:\/\/car-tours.ch\/fr\/wp-json\/wp\/v2\/users\/1"}],"replies":[{"embeddable":true,"href":"https:\/\/car-tours.ch\/fr\/wp-json\/wp\/v2\/comments?post=106922"}],"version-history":[{"count":7,"href":"https:\/\/car-tours.ch\/fr\/wp-json\/wp\/v2\/pages\/106922\/revisions"}],"predecessor-version":[{"id":295247,"href":"https:\/\/car-tours.ch\/fr\/wp-json\/wp\/v2\/pages\/106922\/revisions\/295247"}],"up":[{"embeddable":true,"href":"https:\/\/car-tours.ch\/fr\/wp-json\/wp\/v2\/pages\/59650"}],"wp:attachment":[{"href":"https:\/\/car-tours.ch\/fr\/wp-json\/wp\/v2\/media?parent=106922"}],"curies":[{"name":"wp","href":"https:\/\/api.w.org\/{rel}","templated":true}]}}